{"id":59,"date":"2024-09-27T19:11:13","date_gmt":"2024-09-27T17:11:13","guid":{"rendered":"https:\/\/corporacioncna.com.pe\/?page_id=59"},"modified":"2024-09-28T05:28:39","modified_gmt":"2024-09-28T03:28:39","slug":"contacto","status":"publish","type":"page","link":"https:\/\/corporacioncna.com.pe\/index.php\/contacto\/","title":{"rendered":"Contacto"},"content":{"rendered":"\n<section style=\"text-align:center; padding:50px 0;\">\n  <h2 style=\"font-size:2em;\">Cont\u00e1ctanos para obtener m\u00e1s informaci\u00f3n<\/h2>\n  <p style=\"font-size:1.2em; margin-bottom:30px;\">Estamos aqu\u00ed para ayudarte en cada paso de tu proceso log\u00edstico. Llena el formulario y nos pondremos en contacto contigo lo m\u00e1s pronto posible.<\/p>\n  <img decoding=\"async\" src=\"\/wp-content\/uploads\/2024\/09\/main_image_2.jpg\" alt=\"Cont\u00e1ctanos\" style=\"width:50%; border-radius:10px; margin-bottom:30px;\">\n<\/section>\n\n\n<style id=\"wpforms-css-vars-root\">\n\t\t\t\t:root {\n\t\t\t\t\t--wpforms-field-border-radius: 3px;\n--wpforms-field-border-style: solid;\n--wpforms-field-border-size: 1px;\n--wpforms-field-background-color: #ffffff;\n--wpforms-field-border-color: rgba( 0, 0, 0, 0.25 );\n--wpforms-field-border-color-spare: rgba( 0, 0, 0, 0.25 );\n--wpforms-field-text-color: rgba( 0, 0, 0, 0.7 );\n--wpforms-field-menu-color: #ffffff;\n--wpforms-label-color: rgba( 0, 0, 0, 0.85 );\n--wpforms-label-sublabel-color: rgba( 0, 0, 0, 0.55 );\n--wpforms-label-error-color: #d63637;\n--wpforms-button-border-radius: 3px;\n--wpforms-button-border-style: none;\n--wpforms-button-border-size: 1px;\n--wpforms-button-background-color: #066aab;\n--wpforms-button-border-color: #066aab;\n--wpforms-button-text-color: #ffffff;\n--wpforms-page-break-color: #066aab;\n--wpforms-background-image: none;\n--wpforms-background-position: center center;\n--wpforms-background-repeat: no-repeat;\n--wpforms-background-size: cover;\n--wpforms-background-width: 100px;\n--wpforms-background-height: 100px;\n--wpforms-background-color: rgba( 0, 0, 0, 0 );\n--wpforms-background-url: none;\n--wpforms-container-padding: 0px;\n--wpforms-container-border-style: none;\n--wpforms-container-border-width: 1px;\n--wpforms-container-border-color: #000000;\n--wpforms-container-border-radius: 3px;\n--wpforms-field-size-input-height: 43px;\n--wpforms-field-size-input-spacing: 15px;\n--wpforms-field-size-font-size: 16px;\n--wpforms-field-size-line-height: 19px;\n--wpforms-field-size-padding-h: 14px;\n--wpforms-field-size-checkbox-size: 16px;\n--wpforms-field-size-sublabel-spacing: 5px;\n--wpforms-field-size-icon-size: 1;\n--wpforms-label-size-font-size: 16px;\n--wpforms-label-size-line-height: 19px;\n--wpforms-label-size-sublabel-font-size: 14px;\n--wpforms-label-size-sublabel-line-height: 17px;\n--wpforms-button-size-font-size: 17px;\n--wpforms-button-size-height: 41px;\n--wpforms-button-size-padding-h: 15px;\n--wpforms-button-size-margin-top: 10px;\n--wpforms-container-shadow-size-box-shadow: none;\n\n\t\t\t\t}\n\t\t\t<\/style><div class=\"wpforms-container wpforms-container-full wpforms-block wpforms-block-79c5634d-01c5-43be-b354-bfcd65360dee wpforms-render-modern\" id=\"wpforms-218\"><form id=\"wpforms-form-218\" class=\"wpforms-validate wpforms-form wpforms-ajax-form\" data-formid=\"218\" method=\"post\" enctype=\"multipart\/form-data\" action=\"\/index.php\/wp-json\/wp\/v2\/pages\/59\" data-token=\"202937df3b2831150fbd0f9928d861c9\" data-token-time=\"1776418928\"><noscript class=\"wpforms-error-noscript\">Por favor, activa JavaScript en tu navegador para completar este formulario.<\/noscript><div class=\"wpforms-hidden\" id=\"wpforms-error-noscript\">Por favor, activa JavaScript en tu navegador para completar este formulario.<\/div><div class=\"wpforms-field-container\"><div id=\"wpforms-218-field_1-container\" class=\"wpforms-field wpforms-field-name\" data-field-id=\"1\"><label class=\"wpforms-field-label\" for=\"wpforms-218-field_1\">Nombre y apellido <span class=\"wpforms-required-label\" aria-hidden=\"true\">*<\/span><\/label><input type=\"text\" id=\"wpforms-218-field_1\" class=\"wpforms-field-medium wpforms-field-required\" name=\"wpforms[fields][1]\" aria-errormessage=\"wpforms-218-field_1-error\" required><\/div><div id=\"wpforms-218-field_5-container\" class=\"wpforms-field wpforms-field-text\" data-field-id=\"5\"><label class=\"wpforms-field-label\" for=\"wpforms-218-field_5\">Tel\u00e9fono \/ WhatsApp <span class=\"wpforms-required-label\" aria-hidden=\"true\">*<\/span><\/label><input type=\"text\" id=\"wpforms-218-field_5\" class=\"wpforms-field-medium wpforms-field-required\" name=\"wpforms[fields][5]\" aria-errormessage=\"wpforms-218-field_5-error\" required><\/div><div id=\"wpforms-218-field_2-container\" class=\"wpforms-field wpforms-field-email\" data-field-id=\"2\"><label class=\"wpforms-field-label\" for=\"wpforms-218-field_2\">Correo electr\u00f3nico <span class=\"wpforms-required-label\" aria-hidden=\"true\">*<\/span><\/label><input type=\"email\" id=\"wpforms-218-field_2\" class=\"wpforms-field-medium wpforms-field-required\" name=\"wpforms[fields][2]\" spellcheck=\"false\" aria-errormessage=\"wpforms-218-field_2-error\" required><\/div><div id=\"wpforms-218-field_4-container\" class=\"wpforms-field wpforms-field-select wpforms-field-select-style-classic\" data-field-id=\"4\"><label class=\"wpforms-field-label\" for=\"wpforms-218-field_4\">Motivo de consulta <span class=\"wpforms-required-label\" aria-hidden=\"true\">*<\/span><\/label><select id=\"wpforms-218-field_4\" class=\"wpforms-field-medium wpforms-field-required\" name=\"wpforms[fields][4]\" required=\"required\"><option value=\"Importaci\u00f3n\" >Importaci\u00f3n<\/option><option value=\"Exportaci\u00f3n\" >Exportaci\u00f3n<\/option><option value=\"Asesor\u00eda en Log\u00edstica Internacional\" >Asesor\u00eda en Log\u00edstica Internacional<\/option><option value=\"Otros\" >Otros<\/option><\/select><\/div><div id=\"wpforms-218-field_3-container\" class=\"wpforms-field wpforms-field-textarea\" data-field-id=\"3\"><label class=\"wpforms-field-label\" for=\"wpforms-218-field_3\">Detalle brevemente su cotizaci\u00f3n o consulta<\/label><textarea id=\"wpforms-218-field_3\" class=\"wpforms-field-medium\" name=\"wpforms[fields][3]\" aria-errormessage=\"wpforms-218-field_3-error\" ><\/textarea><\/div><\/div><!-- .wpforms-field-container --><div class=\"wpforms-submit-container\" ><input type=\"hidden\" name=\"wpforms[id]\" value=\"218\"><input type=\"hidden\" name=\"page_title\" value=\"\"><input type=\"hidden\" name=\"page_url\" value=\"https:\/\/corporacioncna.com.pe\/index.php\/wp-json\/wp\/v2\/pages\/59\"><button type=\"submit\" name=\"wpforms[submit]\" id=\"wpforms-submit-218\" class=\"wpforms-submit\" data-alt-text=\"Enviando...\" data-submit-text=\"Enviar\" aria-live=\"assertive\" value=\"wpforms-submit\">Enviar<\/button><img loading=\"lazy\" decoding=\"async\" src=\"https:\/\/corporacioncna.com.pe\/wp-content\/plugins\/wpforms-lite\/assets\/images\/submit-spin.svg\" class=\"wpforms-submit-spinner\" style=\"display: none;\" width=\"26\" height=\"26\" alt=\"Cargando\"><\/div><\/form><\/div>  <!-- .wpforms-container -->","protected":false},"excerpt":{"rendered":"<p>Cont\u00e1ctanos para obtener m\u00e1s informaci\u00f3n Estamos aqu\u00ed para ayudarte en cada paso de tu proceso log\u00edstico. Llena el formulario y nos pondremos en contacto contigo lo m\u00e1s pronto posible.<\/p>\n","protected":false},"author":1,"featured_media":0,"parent":0,"menu_order":0,"comment_status":"closed","ping_status":"closed","template":"","meta":{"ocean_post_layout":"","ocean_both_sidebars_style":"","ocean_both_sidebars_content_width":0,"ocean_both_sidebars_sidebars_width":0,"ocean_sidebar":"","ocean_second_sidebar":"","ocean_disable_margins":"enable","ocean_add_body_class":"","ocean_shortcode_before_top_bar":"","ocean_shortcode_after_top_bar":"","ocean_shortcode_before_header":"","ocean_shortcode_after_header":"","ocean_has_shortcode":"","ocean_shortcode_after_title":"","ocean_shortcode_before_footer_widgets":"","ocean_shortcode_after_footer_widgets":"","ocean_shortcode_before_footer_bottom":"","ocean_shortcode_after_footer_bottom":"","ocean_display_top_bar":"default","ocean_display_header":"default","ocean_header_style":"","ocean_center_header_left_menu":"","ocean_custom_header_template":"","ocean_custom_logo":0,"ocean_custom_retina_logo":0,"ocean_custom_logo_max_width":0,"ocean_custom_logo_tablet_max_width":0,"ocean_custom_logo_mobile_max_width":0,"ocean_custom_logo_max_height":0,"ocean_custom_logo_tablet_max_height":0,"ocean_custom_logo_mobile_max_height":0,"ocean_header_custom_menu":"","ocean_menu_typo_font_family":"","ocean_menu_typo_font_subset":"","ocean_menu_typo_font_size":0,"ocean_menu_typo_font_size_tablet":0,"ocean_menu_typo_font_size_mobile":0,"ocean_menu_typo_font_size_unit":"px","ocean_menu_typo_font_weight":"","ocean_menu_typo_font_weight_tablet":"","ocean_menu_typo_font_weight_mobile":"","ocean_menu_typo_transform":"","ocean_menu_typo_transform_tablet":"","ocean_menu_typo_transform_mobile":"","ocean_menu_typo_line_height":0,"ocean_menu_typo_line_height_tablet":0,"ocean_menu_typo_line_height_mobile":0,"ocean_menu_typo_line_height_unit":"","ocean_menu_typo_spacing":0,"ocean_menu_typo_spacing_tablet":0,"ocean_menu_typo_spacing_mobile":0,"ocean_menu_typo_spacing_unit":"","ocean_menu_link_color":"","ocean_menu_link_color_hover":"","ocean_menu_link_color_active":"","ocean_menu_link_background":"","ocean_menu_link_hover_background":"","ocean_menu_link_active_background":"","ocean_menu_social_links_bg":"","ocean_menu_social_hover_links_bg":"","ocean_menu_social_links_color":"","ocean_menu_social_hover_links_color":"","ocean_disable_title":"on","ocean_disable_heading":"default","ocean_post_title":"","ocean_post_subheading":"","ocean_post_title_style":"","ocean_post_title_background_color":"","ocean_post_title_background":0,"ocean_post_title_bg_image_position":"","ocean_post_title_bg_image_attachment":"","ocean_post_title_bg_image_repeat":"","ocean_post_title_bg_image_size":"","ocean_post_title_height":0,"ocean_post_title_bg_overlay":0.5,"ocean_post_title_bg_overlay_color":"","ocean_disable_breadcrumbs":"off","ocean_breadcrumbs_color":"","ocean_breadcrumbs_separator_color":"","ocean_breadcrumbs_links_color":"","ocean_breadcrumbs_links_hover_color":"","ocean_display_footer_widgets":"default","ocean_display_footer_bottom":"default","ocean_custom_footer_template":"","footnotes":""},"class_list":["post-59","page","type-page","status-publish","hentry","entry"],"yoast_head":"<!-- This site is optimized with the Yoast SEO plugin v23.5 - https:\/\/yoast.com\/wordpress\/plugins\/seo\/ -->\n<title>Contacto - CNA Forwarding Internacional Peru<\/title>\n<meta name=\"robots\" content=\"index, follow, max-snippet:-1, max-image-preview:large, max-video-preview:-1\" \/>\n<link rel=\"canonical\" href=\"https:\/\/corporacioncna.com.pe\/index.php\/contacto\/\" \/>\n<meta property=\"og:locale\" content=\"es_ES\" \/>\n<meta property=\"og:type\" content=\"article\" \/>\n<meta property=\"og:title\" content=\"Contacto - CNA Forwarding Internacional Peru\" \/>\n<meta property=\"og:description\" content=\"Cont\u00e1ctanos para obtener m\u00e1s informaci\u00f3n Estamos aqu\u00ed para ayudarte en cada paso de tu proceso log\u00edstico. Llena el formulario y nos pondremos en contacto contigo lo m\u00e1s pronto posible.\" \/>\n<meta property=\"og:url\" content=\"https:\/\/corporacioncna.com.pe\/index.php\/contacto\/\" \/>\n<meta property=\"og:site_name\" content=\"CNA Forwarding Internacional Peru\" \/>\n<meta property=\"article:modified_time\" content=\"2024-09-28T03:28:39+00:00\" \/>\n<meta name=\"twitter:card\" content=\"summary_large_image\" \/>\n<meta name=\"twitter:label1\" content=\"Tiempo de lectura\" \/>\n\t<meta name=\"twitter:data1\" content=\"1 minuto\" \/>\n<script type=\"application\/ld+json\" class=\"yoast-schema-graph\">{\"@context\":\"https:\/\/schema.org\",\"@graph\":[{\"@type\":\"WebPage\",\"@id\":\"https:\/\/corporacioncna.com.pe\/index.php\/contacto\/\",\"url\":\"https:\/\/corporacioncna.com.pe\/index.php\/contacto\/\",\"name\":\"Contacto - CNA Forwarding Internacional Peru\",\"isPartOf\":{\"@id\":\"https:\/\/corporacioncna.com.pe\/#website\"},\"datePublished\":\"2024-09-27T17:11:13+00:00\",\"dateModified\":\"2024-09-28T03:28:39+00:00\",\"breadcrumb\":{\"@id\":\"https:\/\/corporacioncna.com.pe\/index.php\/contacto\/#breadcrumb\"},\"inLanguage\":\"es\",\"potentialAction\":[{\"@type\":\"ReadAction\",\"target\":[\"https:\/\/corporacioncna.com.pe\/index.php\/contacto\/\"]}]},{\"@type\":\"BreadcrumbList\",\"@id\":\"https:\/\/corporacioncna.com.pe\/index.php\/contacto\/#breadcrumb\",\"itemListElement\":[{\"@type\":\"ListItem\",\"position\":1,\"name\":\"Portada\",\"item\":\"https:\/\/corporacioncna.com.pe\/\"},{\"@type\":\"ListItem\",\"position\":2,\"name\":\"Contacto\"}]},{\"@type\":\"WebSite\",\"@id\":\"https:\/\/corporacioncna.com.pe\/#website\",\"url\":\"https:\/\/corporacioncna.com.pe\/\",\"name\":\"CNA Forwarding Internacional Peru\",\"description\":\"Soluciones log\u00edsticas personalizadas para importadores y exportadores en Per\u00fa\",\"publisher\":{\"@id\":\"https:\/\/corporacioncna.com.pe\/#organization\"},\"potentialAction\":[{\"@type\":\"SearchAction\",\"target\":{\"@type\":\"EntryPoint\",\"urlTemplate\":\"https:\/\/corporacioncna.com.pe\/?s={search_term_string}\"},\"query-input\":{\"@type\":\"PropertyValueSpecification\",\"valueRequired\":true,\"valueName\":\"search_term_string\"}}],\"inLanguage\":\"es\"},{\"@type\":\"Organization\",\"@id\":\"https:\/\/corporacioncna.com.pe\/#organization\",\"name\":\"CNA Forwarding Internacional Peru\",\"url\":\"https:\/\/corporacioncna.com.pe\/\",\"logo\":{\"@type\":\"ImageObject\",\"inLanguage\":\"es\",\"@id\":\"https:\/\/corporacioncna.com.pe\/#\/schema\/logo\/image\/\",\"url\":\"https:\/\/corporacioncna.com.pe\/wp-content\/uploads\/2024\/03\/cropped-logoCorporacionCNA-1.png\",\"contentUrl\":\"https:\/\/corporacioncna.com.pe\/wp-content\/uploads\/2024\/03\/cropped-logoCorporacionCNA-1.png\",\"width\":160,\"height\":97,\"caption\":\"CNA Forwarding Internacional Peru\"},\"image\":{\"@id\":\"https:\/\/corporacioncna.com.pe\/#\/schema\/logo\/image\/\"}}]}<\/script>\n<!-- \/ Yoast SEO plugin. -->","yoast_head_json":{"title":"Contacto - CNA Forwarding Internacional Peru","robots":{"index":"index","follow":"follow","max-snippet":"max-snippet:-1","max-image-preview":"max-image-preview:large","max-video-preview":"max-video-preview:-1"},"canonical":"https:\/\/corporacioncna.com.pe\/index.php\/contacto\/","og_locale":"es_ES","og_type":"article","og_title":"Contacto - CNA Forwarding Internacional Peru","og_description":"Cont\u00e1ctanos para obtener m\u00e1s informaci\u00f3n Estamos aqu\u00ed para ayudarte en cada paso de tu proceso log\u00edstico. Llena el formulario y nos pondremos en contacto contigo lo m\u00e1s pronto posible.","og_url":"https:\/\/corporacioncna.com.pe\/index.php\/contacto\/","og_site_name":"CNA Forwarding Internacional Peru","article_modified_time":"2024-09-28T03:28:39+00:00","twitter_card":"summary_large_image","twitter_misc":{"Tiempo de lectura":"1 minuto"},"schema":{"@context":"https:\/\/schema.org","@graph":[{"@type":"WebPage","@id":"https:\/\/corporacioncna.com.pe\/index.php\/contacto\/","url":"https:\/\/corporacioncna.com.pe\/index.php\/contacto\/","name":"Contacto - CNA Forwarding Internacional Peru","isPartOf":{"@id":"https:\/\/corporacioncna.com.pe\/#website"},"datePublished":"2024-09-27T17:11:13+00:00","dateModified":"2024-09-28T03:28:39+00:00","breadcrumb":{"@id":"https:\/\/corporacioncna.com.pe\/index.php\/contacto\/#breadcrumb"},"inLanguage":"es","potentialAction":[{"@type":"ReadAction","target":["https:\/\/corporacioncna.com.pe\/index.php\/contacto\/"]}]},{"@type":"BreadcrumbList","@id":"https:\/\/corporacioncna.com.pe\/index.php\/contacto\/#breadcrumb","itemListElement":[{"@type":"ListItem","position":1,"name":"Portada","item":"https:\/\/corporacioncna.com.pe\/"},{"@type":"ListItem","position":2,"name":"Contacto"}]},{"@type":"WebSite","@id":"https:\/\/corporacioncna.com.pe\/#website","url":"https:\/\/corporacioncna.com.pe\/","name":"CNA Forwarding Internacional Peru","description":"Soluciones log\u00edsticas personalizadas para importadores y exportadores en Per\u00fa","publisher":{"@id":"https:\/\/corporacioncna.com.pe\/#organization"},"potentialAction":[{"@type":"SearchAction","target":{"@type":"EntryPoint","urlTemplate":"https:\/\/corporacioncna.com.pe\/?s={search_term_string}"},"query-input":{"@type":"PropertyValueSpecification","valueRequired":true,"valueName":"search_term_string"}}],"inLanguage":"es"},{"@type":"Organization","@id":"https:\/\/corporacioncna.com.pe\/#organization","name":"CNA Forwarding Internacional Peru","url":"https:\/\/corporacioncna.com.pe\/","logo":{"@type":"ImageObject","inLanguage":"es","@id":"https:\/\/corporacioncna.com.pe\/#\/schema\/logo\/image\/","url":"https:\/\/corporacioncna.com.pe\/wp-content\/uploads\/2024\/03\/cropped-logoCorporacionCNA-1.png","contentUrl":"https:\/\/corporacioncna.com.pe\/wp-content\/uploads\/2024\/03\/cropped-logoCorporacionCNA-1.png","width":160,"height":97,"caption":"CNA Forwarding Internacional Peru"},"image":{"@id":"https:\/\/corporacioncna.com.pe\/#\/schema\/logo\/image\/"}}]}},"_links":{"self":[{"href":"https:\/\/corporacioncna.com.pe\/index.php\/wp-json\/wp\/v2\/pages\/59"}],"collection":[{"href":"https:\/\/corporacioncna.com.pe\/index.php\/wp-json\/wp\/v2\/pages"}],"about":[{"href":"https:\/\/corporacioncna.com.pe\/index.php\/wp-json\/wp\/v2\/types\/page"}],"author":[{"embeddable":true,"href":"https:\/\/corporacioncna.com.pe\/index.php\/wp-json\/wp\/v2\/users\/1"}],"replies":[{"embeddable":true,"href":"https:\/\/corporacioncna.com.pe\/index.php\/wp-json\/wp\/v2\/comments?post=59"}],"version-history":[{"count":6,"href":"https:\/\/corporacioncna.com.pe\/index.php\/wp-json\/wp\/v2\/pages\/59\/revisions"}],"predecessor-version":[{"id":223,"href":"https:\/\/corporacioncna.com.pe\/index.php\/wp-json\/wp\/v2\/pages\/59\/revisions\/223"}],"wp:attachment":[{"href":"https:\/\/corporacioncna.com.pe\/index.php\/wp-json\/wp\/v2\/media?parent=59"}],"curies":[{"name":"wp","href":"https:\/\/api.w.org\/{rel}","templated":true}]}}